{"id":1100,"date":"2025-09-22T10:46:35","date_gmt":"2025-09-22T10:46:35","guid":{"rendered":"https:\/\/www.saladebiure.com\/avis-legal\/"},"modified":"2025-11-11T09:26:26","modified_gmt":"2025-11-11T09:26:26","slug":"aviso-legal","status":"publish","type":"page","link":"https:\/\/www.saladebiure.com\/es\/aviso-legal\/","title":{"rendered":"Aviso legal"},"content":{"rendered":"\t\t<div data-elementor-type=\"wp-page\" data-elementor-id=\"1100\" class=\"elementor elementor-1100 elementor-8\" data-elementor-post-type=\"page\">\n\t\t\t\t\t\t<section class=\"th-parallax elementor-section elementor-top-section elementor-element elementor-element-57ed3cc7 elementor-section-height-min-height elementor-section-boxed elementor-section-height-default elementor-section-items-middle\" data-parallax=\"scroll\" data-image-src=\"https:\/\/www.saladebiure.com\/wp-content\/uploads\/2025\/09\/img-portada-pag-principal-saladebiure-2025-003.jpg\" data-id=\"57ed3cc7\" data-element_type=\"section\" data-settings=\"{&quot;background_background&quot;:&quot;classic&quot;,&quot;shape_divider_bottom&quot;:&quot;arrow&quot;,&quot;shape_divider_bottom_negative&quot;:&quot;yes&quot;}\">\n\t\t\t\t\t\t\t<div class=\"elementor-background-overlay\"><\/div>\n\t\t\t\t\t\t<div class=\"elementor-shape elementor-shape-bottom\" aria-hidden=\"true\" data-negative=\"true\">\n\t\t\t<svg xmlns=\"http:\/\/www.w3.org\/2000\/svg\" viewBox=\"0 0 700 10\" preserveAspectRatio=\"none\">\n\t<path class=\"elementor-shape-fill\" d=\"M360 0L350 9.9 340 0 0 0 0 10 700 10 700 0\"\/>\n<\/svg>\t\t<\/div>\n\t\t\t\t\t<div class=\"elementor-container elementor-column-gap-default\">\n\t\t\t\t\t<div class=\"elementor-column elementor-col-100 elementor-top-column elementor-element elementor-element-a16d0e3\" data-id=\"a16d0e3\" data-element_type=\"column\">\n\t\t\t<div class=\"elementor-widget-wrap elementor-element-populated\">\n\t\t\t\t\t\t<div class=\"elementor-element elementor-element-55a4cd88 elementor-view-default elementor-position-top elementor-widget elementor-widget-themo-header\" data-id=\"55a4cd88\" data-element_type=\"widget\" data-widget_type=\"themo-header.default\">\n\t\t\t\t<div class=\"elementor-widget-container\">\n\t\t\t\t\t\t\t<div class=\"th-header-wrap\">\n        <div class=\"elementor-icon-box-wrapper \">\n                            <div class=\"elementor-icon-box-content\">\n                    <h1 class=\"elementor-icon-box-title\">\n                        Aviso Legal                    <\/h1>\n                                        <p class=\"elementor-icon-box-description\"><\/p>\n\n                                    <\/div>\n            <\/div>\n\n        <\/div>\n\n\t\t\t\t\t\t<\/div>\n\t\t\t\t<\/div>\n\t\t\t\t\t<\/div>\n\t\t<\/div>\n\t\t\t\t\t<\/div>\n\t\t<\/section>\n\t\t\t\t<section class=\"elementor-section elementor-top-section elementor-element elementor-element-5d1bb83a elementor-section-boxed elementor-section-height-default elementor-section-height-default\" data-id=\"5d1bb83a\" data-element_type=\"section\">\n\t\t\t\t\t\t<div class=\"elementor-container elementor-column-gap-default\">\n\t\t\t\t\t<div class=\"elementor-column elementor-col-100 elementor-top-column elementor-element elementor-element-2a374fe6\" data-id=\"2a374fe6\" data-element_type=\"column\">\n\t\t\t<div class=\"elementor-widget-wrap elementor-element-populated\">\n\t\t\t\t\t\t<div class=\"elementor-element elementor-element-4b020d96 elementor-widget elementor-widget-text-editor\" data-id=\"4b020d96\" data-element_type=\"widget\" data-widget_type=\"text-editor.default\">\n\t\t\t\t<div class=\"elementor-widget-container\">\n\t\t\t\t\t\t\t\t\t<h3>T\u00e9rminos y condiciones de uso<\/h3><h4>\u00a0<\/h4><h4>Introducci\u00f3n<\/h4><p>Gracias por elegir ANTONI COMAPOSADA BERINGES. Mediante el acceso a este sitio web ya las direcciones URL derivadas de <a href=\"http:\/\/www.saladebiure.com\" target=\"_blank\" rel=\"noopener\">www.saladebiure.com<\/a> (en adelante los \u00absitios web\u00bb), otorgue un contrato vinculante con nuestra entidad; su contrato con nosotros incluye su aceptaci\u00f3n de estos \u00abT\u00e9rminos y condiciones de uso\u00bb y de nuestra \u00abPol\u00edtica de privacidad\u00bb. Si no est\u00e1 de acuerdo con cualquiera de los t\u00e9rminos, le invitamos a abandonar estos sitios web.<\/p><p>Los sitios web son titularidad de ANTONI COMAPOSADA BERINGES, cuya raz\u00f3n social es ANTONI COMAPOSADA BERINGES, con sede en Puig-Reig, 08010, Barcelona, con N.I.F n\u00fam. 38501458-X, con el n\u00fam. de tel\u00e9fono 617 02 76 79 y con la direcci\u00f3n de correo electr\u00f3nico <a href=\"mailto:antoni@saladebiure.com\" target=\"_blank\" rel=\"noopener\">antoni@saladebiure.com<\/a>.<\/p><p>Es obligaci\u00f3n del usuario leer estas condiciones de uso de los sitios web, que se consideran vigentes y por tanto aplicables. Recomendamos a los usuarios que impriman y guarden una copia de los presentes \u00abT\u00e9rminos y condiciones de uso\u00bb para tenerlos a disposici\u00f3n, si bien esta informaci\u00f3n est\u00e1 disponible en todo momento en <a href=\"http:\/\/www.saladebiure.com\" target=\"_blank\" rel=\"noopener\">www.saladebiure.com<\/a>. Todas las condiciones pueden ser almacenadas y reproducidas por los usuarios mediante cualquier herramienta de los procesadores de texto convencionales existentes en el mercado.<\/p><p>Para poder navegar por los sitios web, el usuario debe:<\/p><ul><li>Tener 18 o m\u00e1s a\u00f1os, o tener 16 y contar con el consentimiento paterno o de su tutor en estos t\u00e9rminos.<\/li><li>Tener capacidad para otorgar un contrato vinculante con ANTONI COMAPOSADA BERINGES y que ninguna ley aplicable lo proh\u00edba.<\/li><li>Garantizar que toda informaci\u00f3n que proporcione a ANTONI COMAPOSADA BERINGES sea veraz, precisa y completa, y aceptar que as\u00ed sea en todo momento.<\/li><\/ul><h4>\u00a0<\/h4><h4>Objeto<\/h4><p>Los presentes t\u00e9rminos y condiciones de uso son objeto de la regulaci\u00f3n de la navegaci\u00f3n, acceso y uso de los sitios web y de su informaci\u00f3n (browsing, es decir, echar un vistazo a un espacio con el prop\u00f3sito de reconocer objetos) ; esta conducta f\u00e1ctica comporta la aceptaci\u00f3n jur\u00eddica autom\u00e1tica y sin modificaci\u00f3n alguna de los t\u00e9rminos, condiciones y advertencias aqu\u00ed recogidos. Las conductas descritas confieren la condici\u00f3n de usuario sin necesidad de firma convencional por parte del usuario, en lo que se refiere a los t\u00e9rminos aqu\u00ed establecidos, sin perjuicio de la aplicaci\u00f3n de las correspondientes normativas de obligado cumplimiento. ANTONI COMAPOSADA BERINGES advierte al usuario que si est\u00e1 en desacuerdo con los t\u00e9rminos presentes en este documento deber\u00e1 abstenerse de acceder a los sitios web y abandonar de inmediato esta p\u00e1gina.<\/p><p>ANTONI COMAPOSADA BERINGES declara que sus sitios web proporcionan una gran diversidad de informaci\u00f3n, servicios y datos. El usuario lo reconoce y se declara como persona f\u00edsica o jur\u00eddica que asume su responsabilidad en los usos y pr\u00e1cticas que realice en los sitios web de ANTONI COMAPOSADA BERINGES.<\/p><h4>Directrices del usuario<\/h4><p>ANTONI COMAPOSADA BERINGES ha establecido una serie de normas b\u00e1sicas para que el usuario pueda seguirlas cuando acceda a sus sitios web, as\u00ed como cuando contrate sus servicios.<\/p><p><strong>Directrices de acceso a los sitios web:<\/strong><\/p><ul><li>Para acceder a los sitios web, el usuario debe tener acceso a la red Internet abonando las tarifas pertinentes y disponiendo del equipo\/dispositivo y los sistemas electr\u00f3nicos necesarios para realizar la conexi\u00f3n: un terminal que sea adecuado para ello (ordenador , tel\u00e9fono m\u00f3vil, tableta t\u00e1ctil, etc.) y un m\u00f3dem u otro dispositivo de acceso an\u00e1logo o similar.<\/li><li>El correcto acceso y uso a determinados contenidos y servicios de los sitios Web puede implicar la descarga de determinados programas de ordenador u otros elementos l\u00f3gicos en los dispositivos inform\u00e1ticos del usuario. El usuario es el \u00fanico responsable de la instalaci\u00f3n de estos elementos, y ANTONI COMAPOSADA BERINGES est\u00e1 exenta de cualquier tipo de responsabilidad que pudiera derivarse de ellos.<\/li><\/ul><p><strong>Directrices de utilizaci\u00f3n de los sitios web por parte del usuario:<\/strong><\/p><ul><li>El usuario se compromete a respetar las condiciones de los sitios web y utilizar los servicios y contenidos que \u00e9stos puedan ofrecer de conformidad con la ley, la moral, las buenas costumbres y el orden p\u00fablico, es decir, a respetar los contenidos expresados en este texto sin causar da\u00f1os en ANTONI COMAPOSADA BERINGES ni a terceros y en no proceder en ning\u00fan caso a examinar o ejercitar ning\u00fan tipo de control sobre estas p\u00e1ginas.<\/li><li>El usuario se abstendr\u00e1 de realizar acciones que da\u00f1en, interrumpan o generen errores en los sistemas de ANTONI COMAPOSADA BERINGES, as\u00ed como de introducir programas, virus, Macros, applets, controles ActiveX u otros dispositivos l\u00f3gicos o secuencias de caracteres que sean susceptibles de causar cualquier tipo de alteraci\u00f3n en sistemas inform\u00e1ticos.<\/li><li>ANTONI COMAPOSADA BERINGES se reserva el derecho de denegar o retirar, en cualquier momento y sin necesidad de previo aviso, el acceso a sus sitios web o servicios a aquellos usuarios que incumplan los t\u00e9rminos y condiciones de uso.<\/li><\/ul><p><strong>Limitaci\u00f3n de responsabilidad de ANTONI COMAPOSADA BERINGES en el uso de los sitios web:<\/strong><\/p><ul><li>ANTONI COMAPOSADA BERINGES realiza todos los esfuerzos necesarios para presentar la informaci\u00f3n contenida en los sitios web de forma veraz y sin errores tipogr\u00e1ficos. En caso de que en alg\u00fan momento se encontrara alg\u00fan error de este tipo, ajeno en todo momento a la voluntad de ANTONI COMAPOSADA BERINGES, se proceder\u00eda a su enmienda en la mayor brevedad posible.<\/li><li>ANTONI COMAPOSADA BERINGES no ser\u00e1 responsable ante el usuario en cuanto a:<br \/><ul><li>La eficacia en la conexi\u00f3n o velocidad de acceso a los sitios web.<\/li><li>Las interferencias, omisiones, interrupciones, virus inform\u00e1ticos, aver\u00edas telef\u00f3nicas o desconexiones en el funcionamiento operativo del sistema electr\u00f3nico por causas ajenas a ANTONI COMAPOSADA BERINGES.<\/li><li>La informaci\u00f3n introducida por los usuarios y terceras personas ajenos a ANTONI COMAPOSADA BERINGES y con los que no se mantenga ning\u00fan tipo de acuerdo ni colaboraci\u00f3n contractual.<\/li><\/ul><\/li><\/ul><h4>Pol\u00edtica de enlaces y exenciones de responsabilidad<\/h4><p>ANTONI COMAPOSADA BERINGES no se hace responsable de p\u00e1ginas ajenas a su propiedad a las que se pueda acceder mediante los enlaces que ofrece y no proceder\u00e1 en ning\u00fan caso a examinar o ejercitar ning\u00fan tipo de control sobre las mismas, por lo que no puede garantizar su disponibilidad t\u00e9cnica, exactitud, veracidad, validez o legalidad.<\/p><p>ANTONI COMAPOSADA BERINGES declara haber adoptado todas las medidas necesarias para evitar a los usuarios cualquier da\u00f1o que pudiera derivarse de la navegaci\u00f3n por sus sitios Web. En consecuencia, no se hace responsable, en ning\u00fan caso, de los eventuales da\u00f1os que pudiera sufrir el usuario.<\/p><h4>Vigencia de este texto<\/h4><p>ANTONI COMAPOSADA BERINGES se reserva el derecho de realizar sin previo aviso las modificaciones que considere oportunas en los contenidos y condiciones de uso de los sitios web. Durante el tiempo en que estas condiciones de uso se encuentren publicadas, las modificaciones podr\u00e1n llevarse a cabo por cualquier forma admisible en derecho y, hasta que no sean modificadas por otras leyes posteriores, ser\u00e1n de obligado cumplimiento en los sitios web.<\/p><h4>Propiedad intelectual e industrial<\/h4><p>Todos los textos, im\u00e1genes, contenidos, logotipos, marcas (registradas o no) y medios y formas de presentaci\u00f3n y montaje de los sitios web son de titularidad originaria o derivada de ANTONI COMAPOSADA BERINGES. Consecuentemente, son obras o contenidos protegidos como propiedad intelectual o propiedad industrial por el ordenamiento jur\u00eddico espa\u00f1ol conforme al Real Decreto Legislativo 1\/1996, de 12 de abril, por el que se aprueba el texto refundido de la Ley de Propiedad intelectual, en el que se regularizan, se aclaran y armonizan las disposiciones legales vigentes sobre la materia y por la Ley 17\/2001, de 7 de diciembre, de marcas, con lo que les son tambi\u00e9n aplicables tanto la normativa espa\u00f1ola af\u00edn y comunitaria en los campos citados como los tratados internacionales relativos a la materia y suscritos por Espa\u00f1a.<\/p><p>Queda expresamente prohibida la reproducci\u00f3n, distribuci\u00f3n, comunicaci\u00f3n p\u00fablica, transformaci\u00f3n o uso, ya sea total o parcial, de los contenidos de los sitios web sin el consentimiento expreso de ANTONI COMAPOSADA BERINGES.<br \/>Legislaci\u00f3n aplicable y jurisdicci\u00f3n<\/p><p>ANTONI COMAPOSADA BERINGES se reserva la facultad de presentar las acciones civiles o penales que considere oportunas por la utilizaci\u00f3n indebida de sus p\u00e1ginas web y contenidos o por el incumplimiento de las presentes condiciones.<\/p><p>Las partes acuerdan voluntariamente que la relaci\u00f3n entre el usuario y ANTONI COMAPOSADA BERINGES se regir\u00e1 por la normativa espa\u00f1ola vigente, siendo los juzgados o tribunales de la localidad de Barcelona competentes para decidir sobre cualquier controversia que pudiera suscitarse entre ellos.<\/p>\t\t\t\t\t\t\t\t<\/div>\n\t\t\t\t<\/div>\n\t\t\t\t\t<\/div>\n\t\t<\/div>\n\t\t\t\t\t<\/div>\n\t\t<\/section>\n\t\t\t\t<\/div>\n\t\t","protected":false},"excerpt":{"rendered":"<p>Av\u00eds Legal Termes i condicions d\u2019\u00fas Introducci\u00f3 Gr\u00e0cies per escollir Sala de Biure. Mitjan\u00e7ant l\u2019acc\u00e9s a aquest lloc web i a les adreces URL derivades de www.saladebiure.com (en endavant els \u00abllocs web\u00bb), atorgueu un contracte vinculant amb la nostra entitat; &hellip; <a href=\"https:\/\/www.saladebiure.com\/es\/aviso-legal\/\">Read More<\/a><\/p>\n","protected":false},"author":1,"featured_media":0,"parent":0,"menu_order":6,"comment_status":"closed","ping_status":"closed","template":"","meta":{"footnotes":""},"class_list":["post-1100","page","type-page","status-publish","hentry"],"yoast_head":"<!-- This site is optimized with the Yoast SEO plugin v27.2 - https:\/\/yoast.com\/product\/yoast-seo-wordpress\/ -->\n<title>Aviso legal - La Sala De Biure<\/title>\n<meta name=\"robots\" content=\"index, follow, max-snippet:-1, max-image-preview:large, max-video-preview:-1\" \/>\n<link rel=\"canonical\" href=\"https:\/\/www.saladebiure.com\/es\/aviso-legal\/\" \/>\n<meta property=\"og:locale\" content=\"es_ES\" \/>\n<meta property=\"og:type\" content=\"article\" \/>\n<meta property=\"og:title\" content=\"Aviso legal - La Sala De Biure\" \/>\n<meta property=\"og:description\" content=\"Av\u00eds Legal Termes i condicions d\u2019\u00fas Introducci\u00f3 Gr\u00e0cies per escollir Sala de Biure. Mitjan\u00e7ant l\u2019acc\u00e9s a aquest lloc web i a les adreces URL derivades de www.saladebiure.com (en endavant els \u00abllocs web\u00bb), atorgueu un contracte vinculant amb la nostra entitat; &hellip; Read More\" \/>\n<meta property=\"og:url\" content=\"https:\/\/www.saladebiure.com\/es\/aviso-legal\/\" \/>\n<meta property=\"og:site_name\" content=\"La Sala De Biure\" \/>\n<meta property=\"article:modified_time\" content=\"2025-11-11T09:26:26+00:00\" \/>\n<meta name=\"twitter:card\" content=\"summary_large_image\" \/>\n<meta name=\"twitter:label1\" content=\"Tiempo de lectura\" \/>\n\t<meta name=\"twitter:data1\" content=\"7 minutos\" \/>\n<script type=\"application\/ld+json\" class=\"yoast-schema-graph\">{\"@context\":\"https:\/\/schema.org\",\"@graph\":[{\"@type\":\"WebPage\",\"@id\":\"https:\/\/www.saladebiure.com\/es\/aviso-legal\/\",\"url\":\"https:\/\/www.saladebiure.com\/es\/aviso-legal\/\",\"name\":\"Aviso legal - La Sala De Biure\",\"isPartOf\":{\"@id\":\"https:\/\/www.saladebiure.com\/es\/#website\"},\"datePublished\":\"2025-09-22T10:46:35+00:00\",\"dateModified\":\"2025-11-11T09:26:26+00:00\",\"breadcrumb\":{\"@id\":\"https:\/\/www.saladebiure.com\/es\/aviso-legal\/#breadcrumb\"},\"inLanguage\":\"es\",\"potentialAction\":[{\"@type\":\"ReadAction\",\"target\":[\"https:\/\/www.saladebiure.com\/es\/aviso-legal\/\"]}]},{\"@type\":\"BreadcrumbList\",\"@id\":\"https:\/\/www.saladebiure.com\/es\/aviso-legal\/#breadcrumb\",\"itemListElement\":[{\"@type\":\"ListItem\",\"position\":1,\"name\":\"Portada\",\"item\":\"https:\/\/www.saladebiure.com\/es\/inici\/\"},{\"@type\":\"ListItem\",\"position\":2,\"name\":\"Aviso legal\"}]},{\"@type\":\"WebSite\",\"@id\":\"https:\/\/www.saladebiure.com\/es\/#website\",\"url\":\"https:\/\/www.saladebiure.com\/es\/\",\"name\":\"La Sala De Biure\",\"description\":\"Casa rural a Sag\u00e0s\",\"publisher\":{\"@id\":\"https:\/\/www.saladebiure.com\/es\/#organization\"},\"potentialAction\":[{\"@type\":\"SearchAction\",\"target\":{\"@type\":\"EntryPoint\",\"urlTemplate\":\"https:\/\/www.saladebiure.com\/es\/?s={search_term_string}\"},\"query-input\":{\"@type\":\"PropertyValueSpecification\",\"valueRequired\":true,\"valueName\":\"search_term_string\"}}],\"inLanguage\":\"es\"},{\"@type\":\"Organization\",\"@id\":\"https:\/\/www.saladebiure.com\/es\/#organization\",\"name\":\"La Sala De Biure\",\"url\":\"https:\/\/www.saladebiure.com\/es\/\",\"logo\":{\"@type\":\"ImageObject\",\"inLanguage\":\"es\",\"@id\":\"https:\/\/www.saladebiure.com\/es\/#\/schema\/logo\/image\/\",\"url\":\"https:\/\/www.saladebiure.com\/wp-content\/uploads\/2025\/09\/cropped-img-icon-logo-saladebiure-2025.png\",\"contentUrl\":\"https:\/\/www.saladebiure.com\/wp-content\/uploads\/2025\/09\/cropped-img-icon-logo-saladebiure-2025.png\",\"width\":512,\"height\":512,\"caption\":\"La Sala De Biure\"},\"image\":{\"@id\":\"https:\/\/www.saladebiure.com\/es\/#\/schema\/logo\/image\/\"}}]}<\/script>\n<!-- \/ Yoast SEO plugin. -->","yoast_head_json":{"title":"Aviso legal - La Sala De Biure","robots":{"index":"index","follow":"follow","max-snippet":"max-snippet:-1","max-image-preview":"max-image-preview:large","max-video-preview":"max-video-preview:-1"},"canonical":"https:\/\/www.saladebiure.com\/es\/aviso-legal\/","og_locale":"es_ES","og_type":"article","og_title":"Aviso legal - La Sala De Biure","og_description":"Av\u00eds Legal Termes i condicions d\u2019\u00fas Introducci\u00f3 Gr\u00e0cies per escollir Sala de Biure. Mitjan\u00e7ant l\u2019acc\u00e9s a aquest lloc web i a les adreces URL derivades de www.saladebiure.com (en endavant els \u00abllocs web\u00bb), atorgueu un contracte vinculant amb la nostra entitat; &hellip; Read More","og_url":"https:\/\/www.saladebiure.com\/es\/aviso-legal\/","og_site_name":"La Sala De Biure","article_modified_time":"2025-11-11T09:26:26+00:00","twitter_card":"summary_large_image","twitter_misc":{"Tiempo de lectura":"7 minutos"},"schema":{"@context":"https:\/\/schema.org","@graph":[{"@type":"WebPage","@id":"https:\/\/www.saladebiure.com\/es\/aviso-legal\/","url":"https:\/\/www.saladebiure.com\/es\/aviso-legal\/","name":"Aviso legal - La Sala De Biure","isPartOf":{"@id":"https:\/\/www.saladebiure.com\/es\/#website"},"datePublished":"2025-09-22T10:46:35+00:00","dateModified":"2025-11-11T09:26:26+00:00","breadcrumb":{"@id":"https:\/\/www.saladebiure.com\/es\/aviso-legal\/#breadcrumb"},"inLanguage":"es","potentialAction":[{"@type":"ReadAction","target":["https:\/\/www.saladebiure.com\/es\/aviso-legal\/"]}]},{"@type":"BreadcrumbList","@id":"https:\/\/www.saladebiure.com\/es\/aviso-legal\/#breadcrumb","itemListElement":[{"@type":"ListItem","position":1,"name":"Portada","item":"https:\/\/www.saladebiure.com\/es\/inici\/"},{"@type":"ListItem","position":2,"name":"Aviso legal"}]},{"@type":"WebSite","@id":"https:\/\/www.saladebiure.com\/es\/#website","url":"https:\/\/www.saladebiure.com\/es\/","name":"La Sala De Biure","description":"Casa rural a Sag\u00e0s","publisher":{"@id":"https:\/\/www.saladebiure.com\/es\/#organization"},"potentialAction":[{"@type":"SearchAction","target":{"@type":"EntryPoint","urlTemplate":"https:\/\/www.saladebiure.com\/es\/?s={search_term_string}"},"query-input":{"@type":"PropertyValueSpecification","valueRequired":true,"valueName":"search_term_string"}}],"inLanguage":"es"},{"@type":"Organization","@id":"https:\/\/www.saladebiure.com\/es\/#organization","name":"La Sala De Biure","url":"https:\/\/www.saladebiure.com\/es\/","logo":{"@type":"ImageObject","inLanguage":"es","@id":"https:\/\/www.saladebiure.com\/es\/#\/schema\/logo\/image\/","url":"https:\/\/www.saladebiure.com\/wp-content\/uploads\/2025\/09\/cropped-img-icon-logo-saladebiure-2025.png","contentUrl":"https:\/\/www.saladebiure.com\/wp-content\/uploads\/2025\/09\/cropped-img-icon-logo-saladebiure-2025.png","width":512,"height":512,"caption":"La Sala De Biure"},"image":{"@id":"https:\/\/www.saladebiure.com\/es\/#\/schema\/logo\/image\/"}}]}},"_links":{"self":[{"href":"https:\/\/www.saladebiure.com\/es\/wp-json\/wp\/v2\/pages\/1100","targetHints":{"allow":["GET"]}}],"collection":[{"href":"https:\/\/www.saladebiure.com\/es\/wp-json\/wp\/v2\/pages"}],"about":[{"href":"https:\/\/www.saladebiure.com\/es\/wp-json\/wp\/v2\/types\/page"}],"author":[{"embeddable":true,"href":"https:\/\/www.saladebiure.com\/es\/wp-json\/wp\/v2\/users\/1"}],"replies":[{"embeddable":true,"href":"https:\/\/www.saladebiure.com\/es\/wp-json\/wp\/v2\/comments?post=1100"}],"version-history":[{"count":5,"href":"https:\/\/www.saladebiure.com\/es\/wp-json\/wp\/v2\/pages\/1100\/revisions"}],"predecessor-version":[{"id":1106,"href":"https:\/\/www.saladebiure.com\/es\/wp-json\/wp\/v2\/pages\/1100\/revisions\/1106"}],"wp:attachment":[{"href":"https:\/\/www.saladebiure.com\/es\/wp-json\/wp\/v2\/media?parent=1100"}],"curies":[{"name":"wp","href":"https:\/\/api.w.org\/{rel}","templated":true}]}}