{"id":1108,"date":"2025-09-22T11:00:58","date_gmt":"2025-09-22T11:00:58","guid":{"rendered":"https:\/\/www.saladebiure.com\/politica-de-privacitat\/"},"modified":"2025-11-11T09:32:33","modified_gmt":"2025-11-11T09:32:33","slug":"politica-de-privacidad","status":"publish","type":"page","link":"https:\/\/www.saladebiure.com\/es\/politica-de-privacidad\/","title":{"rendered":"Pol\u00edtica de privacidad"},"content":{"rendered":"\t\t<div data-elementor-type=\"wp-page\" data-elementor-id=\"1108\" class=\"elementor elementor-1108 elementor-14\" data-elementor-post-type=\"page\">\n\t\t\t\t\t\t<section class=\"th-parallax elementor-section elementor-top-section elementor-element elementor-element-44fd39b1 elementor-section-height-min-height elementor-section-boxed elementor-section-height-default elementor-section-items-middle\" data-parallax=\"scroll\" data-image-src=\"https:\/\/www.saladebiure.com\/wp-content\/uploads\/2025\/09\/img-portada-pag-principal-saladebiure-2025-003.jpg\" data-id=\"44fd39b1\" data-element_type=\"section\" data-settings=\"{&quot;background_background&quot;:&quot;classic&quot;,&quot;shape_divider_bottom&quot;:&quot;arrow&quot;,&quot;shape_divider_bottom_negative&quot;:&quot;yes&quot;}\">\n\t\t\t\t\t\t\t<div class=\"elementor-background-overlay\"><\/div>\n\t\t\t\t\t\t<div class=\"elementor-shape elementor-shape-bottom\" aria-hidden=\"true\" data-negative=\"true\">\n\t\t\t<svg xmlns=\"http:\/\/www.w3.org\/2000\/svg\" viewBox=\"0 0 700 10\" preserveAspectRatio=\"none\">\n\t<path class=\"elementor-shape-fill\" d=\"M360 0L350 9.9 340 0 0 0 0 10 700 10 700 0\"\/>\n<\/svg>\t\t<\/div>\n\t\t\t\t\t<div class=\"elementor-container elementor-column-gap-default\">\n\t\t\t\t\t<div class=\"elementor-column elementor-col-100 elementor-top-column elementor-element elementor-element-1bce8eb4\" data-id=\"1bce8eb4\" data-element_type=\"column\">\n\t\t\t<div class=\"elementor-widget-wrap elementor-element-populated\">\n\t\t\t\t\t\t<div class=\"elementor-element elementor-element-1e002ed5 elementor-view-default elementor-position-top elementor-widget elementor-widget-themo-header\" data-id=\"1e002ed5\" data-element_type=\"widget\" data-widget_type=\"themo-header.default\">\n\t\t\t\t<div class=\"elementor-widget-container\">\n\t\t\t\t\t\t\t<div class=\"th-header-wrap\">\n        <div class=\"elementor-icon-box-wrapper \">\n                            <div class=\"elementor-icon-box-content\">\n                    <h1 class=\"elementor-icon-box-title\">\n                        Pol\u00edtica de privacidad                    <\/h1>\n                                        <p class=\"elementor-icon-box-description\"><\/p>\n\n                                    <\/div>\n            <\/div>\n\n        <\/div>\n\n\t\t\t\t\t\t<\/div>\n\t\t\t\t<\/div>\n\t\t\t\t\t<\/div>\n\t\t<\/div>\n\t\t\t\t\t<\/div>\n\t\t<\/section>\n\t\t\t\t<section class=\"elementor-section elementor-top-section elementor-element elementor-element-546aa10c elementor-section-boxed elementor-section-height-default elementor-section-height-default\" data-id=\"546aa10c\" data-element_type=\"section\">\n\t\t\t\t\t\t<div class=\"elementor-container elementor-column-gap-default\">\n\t\t\t\t\t<div class=\"elementor-column elementor-col-100 elementor-top-column elementor-element elementor-element-558c2a9a\" data-id=\"558c2a9a\" data-element_type=\"column\">\n\t\t\t<div class=\"elementor-widget-wrap elementor-element-populated\">\n\t\t\t\t\t\t<div class=\"elementor-element elementor-element-44a9498f elementor-widget elementor-widget-text-editor\" data-id=\"44a9498f\" data-element_type=\"widget\" data-widget_type=\"text-editor.default\">\n\t\t\t\t<div class=\"elementor-widget-container\">\n\t\t\t\t\t\t\t\t\t<h4>Introducci\u00f3n<\/h4><p>A continuaci\u00f3n le informamos de la pol\u00edtica de privacidad de ANTONI COMAPOSADA BERINGES, de acuerdo con la normativa del Reglamento (UE) 2016\/679 del Parlamento Europeo y del Consejo, de 27 de abril de 2016, relativo a la protecci\u00f3n de las personas f\u00edsicas por el respecto al tratamiento de datos personales ya la libre circulaci\u00f3n de estos datos y por el que se deroga la Directiva 95\/46\/CE (Reglamento General de Protecci\u00f3n de Datos, en lo sucesivo \u00abRGPD\u00bb).<\/p><h4>Entidad responsable<\/h4><p>La persona responsable de la protecci\u00f3n de datos es quien se encarga del cumplimiento de la normativa de protecci\u00f3n de datos; entre sus funciones se encuentra la de proteger los datos personales que haya proporcionado a ANTONI COMAPOSADA BERINGES. Si tiene cualquier duda, consulta o petici\u00f3n sobre el tema, puede escribirle a antoni@saladebiure.com.<\/p><p>ANTONI COMAPOSADA BERINGES est\u00e1 constituida seg\u00fan la Ley 7\/1997, de 18 de junio, de asociaciones (DOG 2423, de 1 de julio) y la Ley org\u00e1nica 1\/2002, de 22 de marzo, reguladora del derecho de asociaci\u00f3n (BOE n\u00fam. 73, de 26 de marzo) y sus estatutos.<\/p><p>Los sitios web y direcciones URL derivadas de www.saladebiure.com (en adelante \u00absitios web\u00bb) son responsabilidad de ANTONI COMAPOSADA BERINGES, y la informaci\u00f3n que se pueda recabar se incorporar\u00e1 en sus sistemas de tratamiento.<\/p><h4>Persona responsable<\/h4><p>La persona responsable de la protecci\u00f3n de datos es quien se encarga del cumplimiento de la normativa de protecci\u00f3n de datos; entre sus funciones se encuentra la de proteger los datos personales que haya proporcionado a ANTONI COMAPOSADA BERINGES. Si tiene cualquier duda, consulta o petici\u00f3n sobre el tema, puede escribirle a antoni@saladebiure.com.<\/p><h4>Limitaci\u00f3n de responsabilidad<\/h4><p>ANTONI COMAPOSADA BERINGES es responsable \u00fanicamente de la informaci\u00f3n que obtiene con previa solicitud de los usuarios de sus sitios web, y no de ninguna otra informaci\u00f3n personal que de forma eventual \u00e9stos pudieran ceder, transmitir o facilitar mediante cualquier otro mecanismo.<\/p><h4>Transparencia<\/h4><p>Desde ANTONI COMAPOSADA BERINGES intentamos proporcionar a los interesados una informaci\u00f3n transparente y concisa, en un lenguaje claro y sencillo, en lo que se refiere tanto a las condiciones del tratamiento de sus datos como a las respuestas al ejercicio de sus derechos.<\/p><h4>Tratamiento y conservaci\u00f3n de los datos personales<\/h4><ul><li>El objetivo de ANTONI COMAPOSADA BERINGES es que el cliente quede satisfecho en todos los servicios que le ponemos a su alcance, por tanto, los datos personales que los usuarios proporcionen a los sitios web se utilizar\u00e1n exclusivamente para hacerles llegar informaci\u00f3n sobre los servicios que ofrece ANTONI COMAPOSADA BERINGES.<\/li><li>La base que ampara los tratamientos indicados es la existencia de un inter\u00e9s leg\u00edtimo: se considera que, como interesados en los servicios de ANTONI COMAPOSADA BERINGES, los usuarios dan su consentimiento con respecto al citado tratamiento de sus datos personales y el uso de cookies en los sitios Web. Esto implica que:<br \/><ul><li>Los datos ser\u00e1n conservados mientras perdure el consentimiento de los usuarios, salvo en aquellos casos en los que ANTONI COMAPOSADA BERINGES est\u00e9 obligada legalmente a conservarlos.<\/li><li>De acuerdo con los derechos que les confiere la normativa vigente en protecci\u00f3n de datos, los usuarios podr\u00e1n dirigirse a la autoridad de control competente para presentar la reclamaci\u00f3n que consideren oportuna, as\u00ed como para ejercitar los derechos de Acceso, Rectificaci\u00f3n, Cancelaci\u00f3n y Oposici\u00f3n (ARCO) en lo que se refiere al tratamiento de sus datos de car\u00e1cter personal. Cuando un usuario comunique a ANTONI COMAPOSADA BERINGES que desea dejar de aparecer en sus ficheros, se eliminar\u00e1n todos sus datos que no sean estrictamente necesarios para completar las gestiones administrativas y acad\u00e9micas de los cursos de ANTONI COMAPOSADA BERINGES a los que se haya inscrito.<\/li><li>Todos los datos se guardan en los servidores de ANTONI COMAPOSADA BERINGES o contratados por \u00e9sta, en territorio espa\u00f1ol.<\/li><li>El mero acceso a los sitios web, as\u00ed como a cualquiera de sus contenidos y servicios, implica la aceptaci\u00f3n sin reservas de la presente pol\u00edtica de privacidad, tambi\u00e9n aplicable previamente a la posible contrataci\u00f3n de los servicios que ANTONI COMAPOSADA BERINGES ponga a disposici\u00f3n de los usuarios. Por tanto, es obligatorio aceptar y cumplir esta pol\u00edtica de privacidad antes de acceder a los sitios web o contratar un servicio de ANTONI COMAPOSADA BERINGES.<\/li><li>El usuario acepta que la navegaci\u00f3n por los sitios web comporta la recogida y tratamiento de sus datos en los archivos de ANTONI COMAPOSADA BERINGES. Para que el usuario sea consciente de cu\u00e1l ser\u00e1 la informaci\u00f3n recopilada, c\u00f3mo ser\u00e1 tratada y en qu\u00e9 circunstancias se comunicar\u00e1, ANTONI COMAPOSADA BERINGES se compromete a actualizar en esta p\u00e1gina los cambios que se efect\u00faen en la pol\u00edtica de privacidad, as\u00ed como a anunciarlo en cualquier otro lugar que considere apropiado.<\/li><\/ul><\/li><\/ul><h4>Comunicaci\u00f3n a terceros<\/h4><p>ANTONI COMAPOSADA BERINGES no ceder\u00e1 los datos personales del usuario a terceros, salvo por obligaci\u00f3n legal o requerimiento judicial.<\/p><p>Informaci\u00f3n sobre derechos de los interesados y seguridad de la informaci\u00f3n<\/p><p>De acuerdo con lo establecido por el art\u00edculo 32 del Reglamento (UE) 2016\/679 del Parlamento Europeo y del Consejo, de 27 de abril de 2016, relativo a la protecci\u00f3n de las personas f\u00edsicas en lo que se refiere al tratamiento de datos personales ya la libre circulaci\u00f3n de estos datos y por el que se deroga la Directiva 95\/46\/CE (Reglamento general de protecci\u00f3n de datos), ANTONI COMAPOSADA BERINGES se compromete a adoptar las medidas t\u00e9cnicas y organizativas necesarias para garantizar la integridad, confidencialidad y disponibilidad de los datos del usuario teniendo en cuenta los riesgos que acompa\u00f1an a su tratamiento.<\/p><p>Adem\u00e1s, en caso de que el usuario introduzca datos en los formularios de los sitios web de terceros, ser\u00e1n estos \u00faltimos, y no ANTONI COMAPOSADA BERINGES, los responsables de los datos de car\u00e1cter personal y los que tendr\u00e1n que adoptar las medidas t\u00e9cnicas descritas en el p\u00e1rrafo anterior.<\/p><h4>Derechos ARCO<\/h4><p>De acuerdo con el cap\u00edtulo 3 del RGPD, todas las personas pueden ejercer los derechos de Acceso, Rectificaci\u00f3n, Cancelaci\u00f3n y Oposici\u00f3n (ARCO) con relaci\u00f3n a sus datos personales, de modo que todas las entidades est\u00e1n obligadas a garantizarlo su cumplimiento. As\u00ed, respecto a ANTONI COMAPOSADA BERINGES, a trav\u00e9s del canal de atenci\u00f3n antoni@saladebiure.com el usuario puede ejercitar cualquiera de los siguientes derechos (clique encima para descargar el modelo de solicitud):<\/p><ul><li>Derecho de Acceso: puede consultar sus datos personales incluidos en nuestros ficheros.<\/li><li>Derecho de Rectificaci\u00f3n: puede pedirnos que modifiquemos sus datos personales si son inexactos.<\/li><li>Derecho de Cancelaci\u00f3n o supresi\u00f3n: puede pedirnos que eliminemos sus datos personales de nuestros ficheros.<\/li><li>Derecho de Oposici\u00f3n: puede oponerse al tratamiento de sus datos personales por parte de ANTONI COMAPOSADA BERINGES, siempre que haya un motivo leg\u00edtimo y fundamentado para hacerlo.<\/li><li>El usuario garantiza que los datos proporcionados son verdaderos, exactos, completos y actualizados y es responsable de cualquier da\u00f1o o perjuicio, directo o indirecto, que pudiera ocasionarse como consecuencia del incumplimiento de esta obligaci\u00f3n tanto en ANTONI COMAPOSADA BERINGES como en terceros.<\/li><\/ul><h4>Consentimiento para el cumplimiento de la LSSI-CE<\/h4><p>En cumplimiento de la Ley 34\/2002, de 11 de julio, de servicios de la sociedad de la informaci\u00f3n y de comercio electr\u00f3nico (LSSI-CE), ANTONI COMAPOSADA BERINGES solicitar\u00e1 al usuario su consentimiento expreso (y \u00e9ste, si as\u00ed lo desea, se lo prestar\u00e1) para poder hacer uso de sus datos con el fin de enviarle informaci\u00f3n sobre el sitio web y diferentes ofertas y promociones relacionadas.<\/p><p>Dentro de cada comunicaci\u00f3n comercial de ANTONI COMAPOSADA BERINGES se facilitar\u00e1 al usuario un enlace que le permitir\u00e1 revocar en cualquier momento su consentimiento para recibirlas.<\/p><p>Con el objetivo de garantizar la seguridad y confidencialidad de los datos personales del usuario, ANTONI COMAPOSADA BERINGES ha adoptado los niveles de seguridad requeridos por la normativa en protecci\u00f3n de datos personales y ha instalado los medios t\u00e9cnicos a su alcance para evitar la p\u00e9rdida , mal uso, alteraci\u00f3n, acceso no autorizado y robo de los datos personales facilitados.<\/p>\t\t\t\t\t\t\t\t<\/div>\n\t\t\t\t<\/div>\n\t\t\t\t\t<\/div>\n\t\t<\/div>\n\t\t\t\t\t<\/div>\n\t\t<\/section>\n\t\t\t\t<\/div>\n\t\t","protected":false},"excerpt":{"rendered":"<p>Pol\u00edtica de privacidad Introducci\u00f3n A continuaci\u00f3n le informamos de la pol\u00edtica de privacidad de ANTONI COMAPOSADA BERINGES, de acuerdo con la normativa del Reglamento (UE) 2016\/679 del Parlamento Europeo y del Consejo, de 27 de abril de 2016, relativo a &hellip; <a href=\"https:\/\/www.saladebiure.com\/es\/politica-de-privacidad\/\">Read More<\/a><\/p>\n","protected":false},"author":1,"featured_media":0,"parent":0,"menu_order":7,"comment_status":"closed","ping_status":"closed","template":"","meta":{"footnotes":""},"class_list":["post-1108","page","type-page","status-publish","hentry"],"yoast_head":"<!-- This site is optimized with the Yoast SEO plugin v27.2 - https:\/\/yoast.com\/product\/yoast-seo-wordpress\/ -->\n<title>Pol\u00edtica de privacidad - La Sala De Biure<\/title>\n<meta name=\"robots\" content=\"index, follow, max-snippet:-1, max-image-preview:large, max-video-preview:-1\" \/>\n<link rel=\"canonical\" href=\"https:\/\/www.saladebiure.com\/es\/politica-de-privacidad\/\" \/>\n<meta property=\"og:locale\" content=\"es_ES\" \/>\n<meta property=\"og:type\" content=\"article\" \/>\n<meta property=\"og:title\" content=\"Pol\u00edtica de privacidad - La Sala De Biure\" \/>\n<meta property=\"og:description\" content=\"Pol\u00edtica de privacidad Introducci\u00f3n A continuaci\u00f3n le informamos de la pol\u00edtica de privacidad de ANTONI COMAPOSADA BERINGES, de acuerdo con la normativa del Reglamento (UE) 2016\/679 del Parlamento Europeo y del Consejo, de 27 de abril de 2016, relativo a &hellip; Read More\" \/>\n<meta property=\"og:url\" content=\"https:\/\/www.saladebiure.com\/es\/politica-de-privacidad\/\" \/>\n<meta property=\"og:site_name\" content=\"La Sala De Biure\" \/>\n<meta property=\"article:modified_time\" content=\"2025-11-11T09:32:33+00:00\" \/>\n<meta name=\"twitter:card\" content=\"summary_large_image\" \/>\n<meta name=\"twitter:label1\" content=\"Tiempo de lectura\" \/>\n\t<meta name=\"twitter:data1\" content=\"7 minutos\" \/>\n<script type=\"application\/ld+json\" class=\"yoast-schema-graph\">{\"@context\":\"https:\/\/schema.org\",\"@graph\":[{\"@type\":\"WebPage\",\"@id\":\"https:\/\/www.saladebiure.com\/es\/politica-de-privacidad\/\",\"url\":\"https:\/\/www.saladebiure.com\/es\/politica-de-privacidad\/\",\"name\":\"Pol\u00edtica de privacidad - La Sala De Biure\",\"isPartOf\":{\"@id\":\"https:\/\/www.saladebiure.com\/es\/#website\"},\"datePublished\":\"2025-09-22T11:00:58+00:00\",\"dateModified\":\"2025-11-11T09:32:33+00:00\",\"breadcrumb\":{\"@id\":\"https:\/\/www.saladebiure.com\/es\/politica-de-privacidad\/#breadcrumb\"},\"inLanguage\":\"es\",\"potentialAction\":[{\"@type\":\"ReadAction\",\"target\":[\"https:\/\/www.saladebiure.com\/es\/politica-de-privacidad\/\"]}]},{\"@type\":\"BreadcrumbList\",\"@id\":\"https:\/\/www.saladebiure.com\/es\/politica-de-privacidad\/#breadcrumb\",\"itemListElement\":[{\"@type\":\"ListItem\",\"position\":1,\"name\":\"Portada\",\"item\":\"https:\/\/www.saladebiure.com\/es\/inici\/\"},{\"@type\":\"ListItem\",\"position\":2,\"name\":\"Pol\u00edtica de privacidad\"}]},{\"@type\":\"WebSite\",\"@id\":\"https:\/\/www.saladebiure.com\/es\/#website\",\"url\":\"https:\/\/www.saladebiure.com\/es\/\",\"name\":\"La Sala De Biure\",\"description\":\"Casa rural a Sag\u00e0s\",\"publisher\":{\"@id\":\"https:\/\/www.saladebiure.com\/es\/#organization\"},\"potentialAction\":[{\"@type\":\"SearchAction\",\"target\":{\"@type\":\"EntryPoint\",\"urlTemplate\":\"https:\/\/www.saladebiure.com\/es\/?s={search_term_string}\"},\"query-input\":{\"@type\":\"PropertyValueSpecification\",\"valueRequired\":true,\"valueName\":\"search_term_string\"}}],\"inLanguage\":\"es\"},{\"@type\":\"Organization\",\"@id\":\"https:\/\/www.saladebiure.com\/es\/#organization\",\"name\":\"La Sala De Biure\",\"url\":\"https:\/\/www.saladebiure.com\/es\/\",\"logo\":{\"@type\":\"ImageObject\",\"inLanguage\":\"es\",\"@id\":\"https:\/\/www.saladebiure.com\/es\/#\/schema\/logo\/image\/\",\"url\":\"https:\/\/www.saladebiure.com\/wp-content\/uploads\/2025\/09\/cropped-img-icon-logo-saladebiure-2025.png\",\"contentUrl\":\"https:\/\/www.saladebiure.com\/wp-content\/uploads\/2025\/09\/cropped-img-icon-logo-saladebiure-2025.png\",\"width\":512,\"height\":512,\"caption\":\"La Sala De Biure\"},\"image\":{\"@id\":\"https:\/\/www.saladebiure.com\/es\/#\/schema\/logo\/image\/\"}}]}<\/script>\n<!-- \/ Yoast SEO plugin. -->","yoast_head_json":{"title":"Pol\u00edtica de privacidad - La Sala De Biure","robots":{"index":"index","follow":"follow","max-snippet":"max-snippet:-1","max-image-preview":"max-image-preview:large","max-video-preview":"max-video-preview:-1"},"canonical":"https:\/\/www.saladebiure.com\/es\/politica-de-privacidad\/","og_locale":"es_ES","og_type":"article","og_title":"Pol\u00edtica de privacidad - La Sala De Biure","og_description":"Pol\u00edtica de privacidad Introducci\u00f3n A continuaci\u00f3n le informamos de la pol\u00edtica de privacidad de ANTONI COMAPOSADA BERINGES, de acuerdo con la normativa del Reglamento (UE) 2016\/679 del Parlamento Europeo y del Consejo, de 27 de abril de 2016, relativo a &hellip; Read More","og_url":"https:\/\/www.saladebiure.com\/es\/politica-de-privacidad\/","og_site_name":"La Sala De Biure","article_modified_time":"2025-11-11T09:32:33+00:00","twitter_card":"summary_large_image","twitter_misc":{"Tiempo de lectura":"7 minutos"},"schema":{"@context":"https:\/\/schema.org","@graph":[{"@type":"WebPage","@id":"https:\/\/www.saladebiure.com\/es\/politica-de-privacidad\/","url":"https:\/\/www.saladebiure.com\/es\/politica-de-privacidad\/","name":"Pol\u00edtica de privacidad - La Sala De Biure","isPartOf":{"@id":"https:\/\/www.saladebiure.com\/es\/#website"},"datePublished":"2025-09-22T11:00:58+00:00","dateModified":"2025-11-11T09:32:33+00:00","breadcrumb":{"@id":"https:\/\/www.saladebiure.com\/es\/politica-de-privacidad\/#breadcrumb"},"inLanguage":"es","potentialAction":[{"@type":"ReadAction","target":["https:\/\/www.saladebiure.com\/es\/politica-de-privacidad\/"]}]},{"@type":"BreadcrumbList","@id":"https:\/\/www.saladebiure.com\/es\/politica-de-privacidad\/#breadcrumb","itemListElement":[{"@type":"ListItem","position":1,"name":"Portada","item":"https:\/\/www.saladebiure.com\/es\/inici\/"},{"@type":"ListItem","position":2,"name":"Pol\u00edtica de privacidad"}]},{"@type":"WebSite","@id":"https:\/\/www.saladebiure.com\/es\/#website","url":"https:\/\/www.saladebiure.com\/es\/","name":"La Sala De Biure","description":"Casa rural a Sag\u00e0s","publisher":{"@id":"https:\/\/www.saladebiure.com\/es\/#organization"},"potentialAction":[{"@type":"SearchAction","target":{"@type":"EntryPoint","urlTemplate":"https:\/\/www.saladebiure.com\/es\/?s={search_term_string}"},"query-input":{"@type":"PropertyValueSpecification","valueRequired":true,"valueName":"search_term_string"}}],"inLanguage":"es"},{"@type":"Organization","@id":"https:\/\/www.saladebiure.com\/es\/#organization","name":"La Sala De Biure","url":"https:\/\/www.saladebiure.com\/es\/","logo":{"@type":"ImageObject","inLanguage":"es","@id":"https:\/\/www.saladebiure.com\/es\/#\/schema\/logo\/image\/","url":"https:\/\/www.saladebiure.com\/wp-content\/uploads\/2025\/09\/cropped-img-icon-logo-saladebiure-2025.png","contentUrl":"https:\/\/www.saladebiure.com\/wp-content\/uploads\/2025\/09\/cropped-img-icon-logo-saladebiure-2025.png","width":512,"height":512,"caption":"La Sala De Biure"},"image":{"@id":"https:\/\/www.saladebiure.com\/es\/#\/schema\/logo\/image\/"}}]}},"_links":{"self":[{"href":"https:\/\/www.saladebiure.com\/es\/wp-json\/wp\/v2\/pages\/1108","targetHints":{"allow":["GET"]}}],"collection":[{"href":"https:\/\/www.saladebiure.com\/es\/wp-json\/wp\/v2\/pages"}],"about":[{"href":"https:\/\/www.saladebiure.com\/es\/wp-json\/wp\/v2\/types\/page"}],"author":[{"embeddable":true,"href":"https:\/\/www.saladebiure.com\/es\/wp-json\/wp\/v2\/users\/1"}],"replies":[{"embeddable":true,"href":"https:\/\/www.saladebiure.com\/es\/wp-json\/wp\/v2\/comments?post=1108"}],"version-history":[{"count":4,"href":"https:\/\/www.saladebiure.com\/es\/wp-json\/wp\/v2\/pages\/1108\/revisions"}],"predecessor-version":[{"id":1113,"href":"https:\/\/www.saladebiure.com\/es\/wp-json\/wp\/v2\/pages\/1108\/revisions\/1113"}],"wp:attachment":[{"href":"https:\/\/www.saladebiure.com\/es\/wp-json\/wp\/v2\/media?parent=1108"}],"curies":[{"name":"wp","href":"https:\/\/api.w.org\/{rel}","templated":true}]}}