{"id":1115,"date":"2025-09-22T10:53:30","date_gmt":"2025-09-22T10:53:30","guid":{"rendered":"https:\/\/www.saladebiure.com\/politica-de-cookies\/"},"modified":"2025-11-11T09:37:29","modified_gmt":"2025-11-11T09:37:29","slug":"politica-de-cookies","status":"publish","type":"page","link":"https:\/\/www.saladebiure.com\/es\/politica-de-cookies\/","title":{"rendered":"Pol\u00edtica de Cookies"},"content":{"rendered":"\t\t<div data-elementor-type=\"wp-page\" data-elementor-id=\"1115\" class=\"elementor elementor-1115 elementor-12\" data-elementor-post-type=\"page\">\n\t\t\t\t\t\t<section class=\"th-parallax elementor-section elementor-top-section elementor-element elementor-element-5e39efd2 elementor-section-height-min-height elementor-section-boxed elementor-section-height-default elementor-section-items-middle\" data-parallax=\"scroll\" data-image-src=\"https:\/\/www.saladebiure.com\/wp-content\/uploads\/2025\/09\/img-portada-pag-principal-saladebiure-2025-003.jpg\" data-id=\"5e39efd2\" data-element_type=\"section\" data-settings=\"{&quot;background_background&quot;:&quot;classic&quot;,&quot;shape_divider_bottom&quot;:&quot;arrow&quot;,&quot;shape_divider_bottom_negative&quot;:&quot;yes&quot;}\">\n\t\t\t\t\t\t\t<div class=\"elementor-background-overlay\"><\/div>\n\t\t\t\t\t\t<div class=\"elementor-shape elementor-shape-bottom\" aria-hidden=\"true\" data-negative=\"true\">\n\t\t\t<svg xmlns=\"http:\/\/www.w3.org\/2000\/svg\" viewBox=\"0 0 700 10\" preserveAspectRatio=\"none\">\n\t<path class=\"elementor-shape-fill\" d=\"M360 0L350 9.9 340 0 0 0 0 10 700 10 700 0\"\/>\n<\/svg>\t\t<\/div>\n\t\t\t\t\t<div class=\"elementor-container elementor-column-gap-default\">\n\t\t\t\t\t<div class=\"elementor-column elementor-col-100 elementor-top-column elementor-element elementor-element-5d8b15e8\" data-id=\"5d8b15e8\" data-element_type=\"column\">\n\t\t\t<div class=\"elementor-widget-wrap elementor-element-populated\">\n\t\t\t\t\t\t<div class=\"elementor-element elementor-element-484735b6 elementor-view-default elementor-position-top elementor-widget elementor-widget-themo-header\" data-id=\"484735b6\" data-element_type=\"widget\" data-widget_type=\"themo-header.default\">\n\t\t\t\t<div class=\"elementor-widget-container\">\n\t\t\t\t\t\t\t<div class=\"th-header-wrap\">\n        <div class=\"elementor-icon-box-wrapper \">\n                            <div class=\"elementor-icon-box-content\">\n                    <h1 class=\"elementor-icon-box-title\">\n                        Pol\u00edtica de Cookies                    <\/h1>\n                                        <p class=\"elementor-icon-box-description\"><\/p>\n\n                                    <\/div>\n            <\/div>\n\n        <\/div>\n\n\t\t\t\t\t\t<\/div>\n\t\t\t\t<\/div>\n\t\t\t\t\t<\/div>\n\t\t<\/div>\n\t\t\t\t\t<\/div>\n\t\t<\/section>\n\t\t\t\t<section class=\"elementor-section elementor-top-section elementor-element elementor-element-bd74929 elementor-section-boxed elementor-section-height-default elementor-section-height-default\" data-id=\"bd74929\" data-element_type=\"section\">\n\t\t\t\t\t\t<div class=\"elementor-container elementor-column-gap-default\">\n\t\t\t\t\t<div class=\"elementor-column elementor-col-100 elementor-top-column elementor-element elementor-element-c6579de\" data-id=\"c6579de\" data-element_type=\"column\">\n\t\t\t<div class=\"elementor-widget-wrap elementor-element-populated\">\n\t\t\t\t\t\t<div class=\"elementor-element elementor-element-23f5f8db elementor-widget elementor-widget-text-editor\" data-id=\"23f5f8db\" data-element_type=\"widget\" data-widget_type=\"text-editor.default\">\n\t\t\t\t<div class=\"elementor-widget-container\">\n\t\t\t\t\t\t\t\t\t<h4>\u00bfQu\u00e9 es una galleta?<\/h4><p>Una cookie es un archivo que se descarga en su ordenador al acceder el Usuario a determinadas p\u00e1ginas web. Las cookies permiten a una p\u00e1gina web, entre otras cosas, almacenar y recuperar informaci\u00f3n sobre los h\u00e1bitos de navegaci\u00f3n de un usuario o de su equipo y, dependiendo de la informaci\u00f3n que contengan y de la forma en que utilice su equipo, se pueden utilizar para reconocer al usuario.<\/p><h4><br \/>\u00bfQu\u00e9 tipos de galletas hay?<\/h4><p>Existen varios tipos de cookies en funci\u00f3n de diferentes criterios:<\/p><p><strong>En funci\u00f3n del tiempo que permanecen activados:<\/strong><\/p><ul><li><strong>Cookies de sesi\u00f3n<\/strong>: Son un tipo de cookies dise\u00f1adas para recabar y almacenar datos mientras el usuario accede a una p\u00e1gina web.<\/li><li><strong>Cookies permanentes<\/strong>: Son un tipo de cookies en las que los datos siguen almacenados en el terminal y pueden ser accedidos y tratados durante un per\u00edodo definido por el responsable de la cookie.<\/li><\/ul><p><strong>En funci\u00f3n de la titularidad:<\/strong><\/p><ul><li><strong>Cookies propias<\/strong>: Son los que pertenecen a ANTONI COMAPOSADA BERINGES.<\/li><li><strong>Cookies de terceros<\/strong>: Son aquellas cuya titularidad es de un tercero, distinto de ANTONI COMAPOSADA BERINGES, que ser\u00e1 quien trate la informaci\u00f3n recogida.<\/li><\/ul><p><strong>En funci\u00f3n de la finalidad:<\/strong><\/p><p><strong>Cookies t\u00e9cnicas y\/o de personalizaci\u00f3n<\/strong>: Son los que sirven para mejorar el servicio, localizar incidencias, reconocer al usuario, etc.<br \/><strong>Cookies de an\u00e1lisis y\/o de publicidad<\/strong>: Son aqu\u00e9llas que sirven para analizar informaci\u00f3n sobre la navegaci\u00f3n y ofrecer publicidad, sea gen\u00e9rica o personalizada.<\/p><h4><br \/>\u00bfQu\u00e9 tipos de galletas son m\u00e1s habituales?<\/h4><p><strong>T\u00c9CNICAS<\/strong>: Son cookies PROPIAS, de sesi\u00f3n, identificaci\u00f3n, configuraci\u00f3n y registro, estrictamente necesarias para la identificaci\u00f3n del usuario y para la prestaci\u00f3n de los servicios solicitados por el usuario. La informaci\u00f3n obtenida a trav\u00e9s de las mismas es tratada \u00fanicamente por ANTONI COMAPOSADA BERINGES.<\/p><p><strong>DE AN\u00c1LISIS<\/strong>: Son aquellas que, bien tratadas por nosotros o por terceros, nos permiten cuantificar el nombre de usuarios y as\u00ed realizar la medici\u00f3n y el an\u00e1lisis estad\u00edstico de la utilizaci\u00f3n que realizan los usuarios del servicio ofrecido. Por eso se analiza su navegaci\u00f3n en nuestra p\u00e1gina web para mejorar la oferta de productos o servicios que le ofrecemos.<\/p><p><strong>DE PUBLICIDAD<\/strong>: Son aquellas que, bien tratadas por nosotros o por terceros, permiten la gesti\u00f3n, de la forma m\u00e1s eficaz posible, de los espacios publicitarios que se puedan incluir en nuestra p\u00e1gina web y\/o almacenen informaci\u00f3n del comportamiento de los usuarios obtenida a trav\u00e9s de la observaci\u00f3n continua. Gracias a ellas, podemos conocer los h\u00e1bitos de navegaci\u00f3n en Internet y mostrarle publicidad relacionada con su perfil de navegaci\u00f3n.<\/p><h4>\u00bfPara qu\u00e9 sirve una galleta?<\/h4><p>Las cookies se utilizan para poder ofrecer servicios y\/o publicidad personalizados, para analizar el funcionamiento del sistema, reconocerlo cuando accede como usuario, localizar incidencias y problemas que puedan surgir y resolverlos en el menor plazo posible, as\u00ed como analizar y medir el uso y actividad de la p\u00e1gina web.<\/p><h4>\u00bfEs necesario mi consentimiento para implantar una galleta?<\/h4><p>No es necesario el consentimiento para la instalaci\u00f3n de cookies t\u00e9cnicas o las que sean estrictamente necesarias para la prestaci\u00f3n de un servicio de la sociedad de la informaci\u00f3n expresamente solicitado por el destinatario.<\/p><p>Para el resto, s\u00ed es necesario el consentimiento del interesado que se puede solicitar por diferentes v\u00edas. En el caso de ANTONI COMAPOSADA BERINGES, se entender\u00e1 otorgado si sigue usando la p\u00e1gina web, sin perjuicio de que en cualquier momento podr\u00e1 revocarlo y desactivar las cookies.<\/p><h4>\u00bfQu\u00e9 tipos de cookies utiliza esta p\u00e1gina web?<\/h4><p>Cookies t\u00e9cnicas: Son aquellas creadas y gestionadas \u00fanicamente por nosotros, y permiten al usuario la navegaci\u00f3n a trav\u00e9s de nuestra p\u00e1gina web y la utilizaci\u00f3n de las diferentes opciones como, por ejemplo, identificar la sesi\u00f3n, personalizar informaci\u00f3n o acceder a zonas de acceso restringido<\/p><p>El sitio web de ANTONI COMAPOSADA BERINGES, utiliza (o puede utilizar) Google Analytics, una herramienta de anal\u00edtica web desarrollada por Google, que ayuda a los propietarios de sitios web a medir c\u00f3mo interact\u00faan los usuarios con el contenido del sitio. Para la prestaci\u00f3n de estos servicios, Google Analytics utiliza cookies que recopilen la informaci\u00f3n, incluida la direcci\u00f3n IP del usuario que ser\u00e1 transmitida, tratada y almacenada por Google en los t\u00e9rminos fijados en la web de Google.com.<\/p><p>Para m\u00e1s informaci\u00f3n vea: <a href=\"https:\/\/developers.google.com\/analytics\/devguides\/collection\/analyticsjs\/cookie-usage\" target=\"_blank\" rel=\"noopener\">https:\/\/developers.google.com\/analytics\/devguides\/collection\/analyticsjs\/cookie-usage<\/a><\/p><h4>\u00bfC\u00f3mo desactivar cookies?<\/h4><p>Puede permitir, bloquear o eliminar las cookies instaladas en su equipo mediante la configuraci\u00f3n de las opciones del navegador instalado en su ordenador.<\/p><ul class=\"accssme-widget-content\"><li class=\"accssme-widget-content\"><a class=\"accssme-widget-links accssme-widget-text\" href=\"https:\/\/support.mozilla.org\/es\/kb\/habilitar-y-deshabilitar-cookies-sitios-web-rastrear-preferencias?redirectlocale=es&amp;redirectslug=habilitar-y-deshabilitar-cookies-que-los-sitios-web\">Firefox<\/a><\/li><li class=\"accssme-widget-content\"><a class=\"accssme-widget-links accssme-widget-text\" href=\"https:\/\/support.google.com\/chrome\/answer\/95647?hl=es\">Chrome<\/a><\/li><li class=\"accssme-widget-content\"><a class=\"accssme-widget-links accssme-widget-text\" href=\"https:\/\/support.microsoft.com\/es-es\/windows\">Internet Explorer<\/a><\/li><li class=\"accssme-widget-content\"><a class=\"accssme-widget-links accssme-widget-text\" href=\"https:\/\/support.apple.com\/es-es\/guide\/safari\/sfri11471\/mac\">Safari<\/a><\/li><li class=\"accssme-widget-content\"><a class=\"accssme-widget-links accssme-widget-text\" href=\"https:\/\/support.apple.com\/es-es\/HT201265\">Safari para iOS<\/a><\/li><li class=\"accssme-widget-content\"><a class=\"accssme-widget-links accssme-widget-text\" href=\"https:\/\/help.opera.com\/en\/latest\/web-preferences\/#cookies\">Opera<\/a><\/li><\/ul>\t\t\t\t\t\t\t\t<\/div>\n\t\t\t\t<\/div>\n\t\t\t\t\t<\/div>\n\t\t<\/div>\n\t\t\t\t\t<\/div>\n\t\t<\/section>\n\t\t\t\t<\/div>\n\t\t","protected":false},"excerpt":{"rendered":"<p>Pol\u00edtica de Cookies \u00bfQu\u00e9 es una galleta? Una cookie es un archivo que se descarga en su ordenador al acceder el Usuario a determinadas p\u00e1ginas web. Las cookies permiten a una p\u00e1gina web, entre otras cosas, almacenar y recuperar informaci\u00f3n &hellip; <a href=\"https:\/\/www.saladebiure.com\/es\/politica-de-cookies\/\">Read More<\/a><\/p>\n","protected":false},"author":1,"featured_media":0,"parent":0,"menu_order":8,"comment_status":"closed","ping_status":"closed","template":"","meta":{"footnotes":""},"class_list":["post-1115","page","type-page","status-publish","hentry"],"yoast_head":"<!-- This site is optimized with the Yoast SEO plugin v27.2 - https:\/\/yoast.com\/product\/yoast-seo-wordpress\/ -->\n<title>Pol\u00edtica de Cookies - La Sala De Biure<\/title>\n<meta name=\"robots\" content=\"index, follow, max-snippet:-1, max-image-preview:large, max-video-preview:-1\" \/>\n<link rel=\"canonical\" href=\"https:\/\/www.saladebiure.com\/es\/politica-de-cookies\/\" \/>\n<meta property=\"og:locale\" content=\"es_ES\" \/>\n<meta property=\"og:type\" content=\"article\" \/>\n<meta property=\"og:title\" content=\"Pol\u00edtica de Cookies - La Sala De Biure\" \/>\n<meta property=\"og:description\" content=\"Pol\u00edtica de Cookies \u00bfQu\u00e9 es una galleta? Una cookie es un archivo que se descarga en su ordenador al acceder el Usuario a determinadas p\u00e1ginas web. Las cookies permiten a una p\u00e1gina web, entre otras cosas, almacenar y recuperar informaci\u00f3n &hellip; Read More\" \/>\n<meta property=\"og:url\" content=\"https:\/\/www.saladebiure.com\/es\/politica-de-cookies\/\" \/>\n<meta property=\"og:site_name\" content=\"La Sala De Biure\" \/>\n<meta property=\"article:modified_time\" content=\"2025-11-11T09:37:29+00:00\" \/>\n<meta name=\"twitter:card\" content=\"summary_large_image\" \/>\n<meta name=\"twitter:label1\" content=\"Tiempo de lectura\" \/>\n\t<meta name=\"twitter:data1\" content=\"4 minutos\" \/>\n<script type=\"application\/ld+json\" class=\"yoast-schema-graph\">{\"@context\":\"https:\/\/schema.org\",\"@graph\":[{\"@type\":\"WebPage\",\"@id\":\"https:\/\/www.saladebiure.com\/es\/politica-de-cookies\/\",\"url\":\"https:\/\/www.saladebiure.com\/es\/politica-de-cookies\/\",\"name\":\"Pol\u00edtica de Cookies - La Sala De Biure\",\"isPartOf\":{\"@id\":\"https:\/\/www.saladebiure.com\/es\/#website\"},\"datePublished\":\"2025-09-22T10:53:30+00:00\",\"dateModified\":\"2025-11-11T09:37:29+00:00\",\"breadcrumb\":{\"@id\":\"https:\/\/www.saladebiure.com\/es\/politica-de-cookies\/#breadcrumb\"},\"inLanguage\":\"es\",\"potentialAction\":[{\"@type\":\"ReadAction\",\"target\":[\"https:\/\/www.saladebiure.com\/es\/politica-de-cookies\/\"]}]},{\"@type\":\"BreadcrumbList\",\"@id\":\"https:\/\/www.saladebiure.com\/es\/politica-de-cookies\/#breadcrumb\",\"itemListElement\":[{\"@type\":\"ListItem\",\"position\":1,\"name\":\"Portada\",\"item\":\"https:\/\/www.saladebiure.com\/es\/inici\/\"},{\"@type\":\"ListItem\",\"position\":2,\"name\":\"Pol\u00edtica de Cookies\"}]},{\"@type\":\"WebSite\",\"@id\":\"https:\/\/www.saladebiure.com\/es\/#website\",\"url\":\"https:\/\/www.saladebiure.com\/es\/\",\"name\":\"La Sala De Biure\",\"description\":\"Casa rural a Sag\u00e0s\",\"publisher\":{\"@id\":\"https:\/\/www.saladebiure.com\/es\/#organization\"},\"potentialAction\":[{\"@type\":\"SearchAction\",\"target\":{\"@type\":\"EntryPoint\",\"urlTemplate\":\"https:\/\/www.saladebiure.com\/es\/?s={search_term_string}\"},\"query-input\":{\"@type\":\"PropertyValueSpecification\",\"valueRequired\":true,\"valueName\":\"search_term_string\"}}],\"inLanguage\":\"es\"},{\"@type\":\"Organization\",\"@id\":\"https:\/\/www.saladebiure.com\/es\/#organization\",\"name\":\"La Sala De Biure\",\"url\":\"https:\/\/www.saladebiure.com\/es\/\",\"logo\":{\"@type\":\"ImageObject\",\"inLanguage\":\"es\",\"@id\":\"https:\/\/www.saladebiure.com\/es\/#\/schema\/logo\/image\/\",\"url\":\"https:\/\/www.saladebiure.com\/wp-content\/uploads\/2025\/09\/cropped-img-icon-logo-saladebiure-2025.png\",\"contentUrl\":\"https:\/\/www.saladebiure.com\/wp-content\/uploads\/2025\/09\/cropped-img-icon-logo-saladebiure-2025.png\",\"width\":512,\"height\":512,\"caption\":\"La Sala De Biure\"},\"image\":{\"@id\":\"https:\/\/www.saladebiure.com\/es\/#\/schema\/logo\/image\/\"}}]}<\/script>\n<!-- \/ Yoast SEO plugin. -->","yoast_head_json":{"title":"Pol\u00edtica de Cookies - La Sala De Biure","robots":{"index":"index","follow":"follow","max-snippet":"max-snippet:-1","max-image-preview":"max-image-preview:large","max-video-preview":"max-video-preview:-1"},"canonical":"https:\/\/www.saladebiure.com\/es\/politica-de-cookies\/","og_locale":"es_ES","og_type":"article","og_title":"Pol\u00edtica de Cookies - La Sala De Biure","og_description":"Pol\u00edtica de Cookies \u00bfQu\u00e9 es una galleta? Una cookie es un archivo que se descarga en su ordenador al acceder el Usuario a determinadas p\u00e1ginas web. Las cookies permiten a una p\u00e1gina web, entre otras cosas, almacenar y recuperar informaci\u00f3n &hellip; Read More","og_url":"https:\/\/www.saladebiure.com\/es\/politica-de-cookies\/","og_site_name":"La Sala De Biure","article_modified_time":"2025-11-11T09:37:29+00:00","twitter_card":"summary_large_image","twitter_misc":{"Tiempo de lectura":"4 minutos"},"schema":{"@context":"https:\/\/schema.org","@graph":[{"@type":"WebPage","@id":"https:\/\/www.saladebiure.com\/es\/politica-de-cookies\/","url":"https:\/\/www.saladebiure.com\/es\/politica-de-cookies\/","name":"Pol\u00edtica de Cookies - La Sala De Biure","isPartOf":{"@id":"https:\/\/www.saladebiure.com\/es\/#website"},"datePublished":"2025-09-22T10:53:30+00:00","dateModified":"2025-11-11T09:37:29+00:00","breadcrumb":{"@id":"https:\/\/www.saladebiure.com\/es\/politica-de-cookies\/#breadcrumb"},"inLanguage":"es","potentialAction":[{"@type":"ReadAction","target":["https:\/\/www.saladebiure.com\/es\/politica-de-cookies\/"]}]},{"@type":"BreadcrumbList","@id":"https:\/\/www.saladebiure.com\/es\/politica-de-cookies\/#breadcrumb","itemListElement":[{"@type":"ListItem","position":1,"name":"Portada","item":"https:\/\/www.saladebiure.com\/es\/inici\/"},{"@type":"ListItem","position":2,"name":"Pol\u00edtica de Cookies"}]},{"@type":"WebSite","@id":"https:\/\/www.saladebiure.com\/es\/#website","url":"https:\/\/www.saladebiure.com\/es\/","name":"La Sala De Biure","description":"Casa rural a Sag\u00e0s","publisher":{"@id":"https:\/\/www.saladebiure.com\/es\/#organization"},"potentialAction":[{"@type":"SearchAction","target":{"@type":"EntryPoint","urlTemplate":"https:\/\/www.saladebiure.com\/es\/?s={search_term_string}"},"query-input":{"@type":"PropertyValueSpecification","valueRequired":true,"valueName":"search_term_string"}}],"inLanguage":"es"},{"@type":"Organization","@id":"https:\/\/www.saladebiure.com\/es\/#organization","name":"La Sala De Biure","url":"https:\/\/www.saladebiure.com\/es\/","logo":{"@type":"ImageObject","inLanguage":"es","@id":"https:\/\/www.saladebiure.com\/es\/#\/schema\/logo\/image\/","url":"https:\/\/www.saladebiure.com\/wp-content\/uploads\/2025\/09\/cropped-img-icon-logo-saladebiure-2025.png","contentUrl":"https:\/\/www.saladebiure.com\/wp-content\/uploads\/2025\/09\/cropped-img-icon-logo-saladebiure-2025.png","width":512,"height":512,"caption":"La Sala De Biure"},"image":{"@id":"https:\/\/www.saladebiure.com\/es\/#\/schema\/logo\/image\/"}}]}},"_links":{"self":[{"href":"https:\/\/www.saladebiure.com\/es\/wp-json\/wp\/v2\/pages\/1115","targetHints":{"allow":["GET"]}}],"collection":[{"href":"https:\/\/www.saladebiure.com\/es\/wp-json\/wp\/v2\/pages"}],"about":[{"href":"https:\/\/www.saladebiure.com\/es\/wp-json\/wp\/v2\/types\/page"}],"author":[{"embeddable":true,"href":"https:\/\/www.saladebiure.com\/es\/wp-json\/wp\/v2\/users\/1"}],"replies":[{"embeddable":true,"href":"https:\/\/www.saladebiure.com\/es\/wp-json\/wp\/v2\/comments?post=1115"}],"version-history":[{"count":3,"href":"https:\/\/www.saladebiure.com\/es\/wp-json\/wp\/v2\/pages\/1115\/revisions"}],"predecessor-version":[{"id":1118,"href":"https:\/\/www.saladebiure.com\/es\/wp-json\/wp\/v2\/pages\/1115\/revisions\/1118"}],"wp:attachment":[{"href":"https:\/\/www.saladebiure.com\/es\/wp-json\/wp\/v2\/media?parent=1115"}],"curies":[{"name":"wp","href":"https:\/\/api.w.org\/{rel}","templated":true}]}}