{"id":1124,"date":"2025-09-22T10:50:18","date_gmt":"2025-09-22T10:50:18","guid":{"rendered":"https:\/\/www.saladebiure.com\/declaracio-daccessibilitat\/"},"modified":"2025-11-11T09:41:57","modified_gmt":"2025-11-11T09:41:57","slug":"declaracion-de-accesibilidad","status":"publish","type":"page","link":"https:\/\/www.saladebiure.com\/es\/declaracion-de-accesibilidad\/","title":{"rendered":"Declaraci\u00f3n de accesibilidad"},"content":{"rendered":"\t\t<div data-elementor-type=\"wp-page\" data-elementor-id=\"1124\" class=\"elementor elementor-1124 elementor-10\" data-elementor-post-type=\"page\">\n\t\t\t\t\t\t<section class=\"th-parallax elementor-section elementor-top-section elementor-element elementor-element-371ce09b elementor-section-height-min-height elementor-section-boxed elementor-section-height-default elementor-section-items-middle\" data-parallax=\"scroll\" data-image-src=\"https:\/\/www.saladebiure.com\/wp-content\/uploads\/2025\/09\/img-portada-pag-principal-saladebiure-2025-003.jpg\" data-id=\"371ce09b\" data-element_type=\"section\" data-settings=\"{&quot;background_background&quot;:&quot;classic&quot;,&quot;shape_divider_bottom&quot;:&quot;arrow&quot;,&quot;shape_divider_bottom_negative&quot;:&quot;yes&quot;}\">\n\t\t\t\t\t\t\t<div class=\"elementor-background-overlay\"><\/div>\n\t\t\t\t\t\t<div class=\"elementor-shape elementor-shape-bottom\" aria-hidden=\"true\" data-negative=\"true\">\n\t\t\t<svg xmlns=\"http:\/\/www.w3.org\/2000\/svg\" viewBox=\"0 0 700 10\" preserveAspectRatio=\"none\">\n\t<path class=\"elementor-shape-fill\" d=\"M360 0L350 9.9 340 0 0 0 0 10 700 10 700 0\"\/>\n<\/svg>\t\t<\/div>\n\t\t\t\t\t<div class=\"elementor-container elementor-column-gap-default\">\n\t\t\t\t\t<div class=\"elementor-column elementor-col-100 elementor-top-column elementor-element elementor-element-13608d02\" data-id=\"13608d02\" data-element_type=\"column\">\n\t\t\t<div class=\"elementor-widget-wrap elementor-element-populated\">\n\t\t\t\t\t\t<div class=\"elementor-element elementor-element-7eab90e4 elementor-view-default elementor-position-top elementor-widget elementor-widget-themo-header\" data-id=\"7eab90e4\" data-element_type=\"widget\" data-widget_type=\"themo-header.default\">\n\t\t\t\t<div class=\"elementor-widget-container\">\n\t\t\t\t\t\t\t<div class=\"th-header-wrap\">\n        <div class=\"elementor-icon-box-wrapper \">\n                            <div class=\"elementor-icon-box-content\">\n                    <h1 class=\"elementor-icon-box-title\">\n                        Declaraci\u00f3n de accesibilidad                    <\/h1>\n                                        <p class=\"elementor-icon-box-description\"><\/p>\n\n                                    <\/div>\n            <\/div>\n\n        <\/div>\n\n\t\t\t\t\t\t<\/div>\n\t\t\t\t<\/div>\n\t\t\t\t\t<\/div>\n\t\t<\/div>\n\t\t\t\t\t<\/div>\n\t\t<\/section>\n\t\t\t\t<section class=\"elementor-section elementor-top-section elementor-element elementor-element-2e45dfa9 elementor-section-boxed elementor-section-height-default elementor-section-height-default\" data-id=\"2e45dfa9\" data-element_type=\"section\">\n\t\t\t\t\t\t<div class=\"elementor-container elementor-column-gap-default\">\n\t\t\t\t\t<div class=\"elementor-column elementor-col-100 elementor-top-column elementor-element elementor-element-5e494b5c\" data-id=\"5e494b5c\" data-element_type=\"column\">\n\t\t\t<div class=\"elementor-widget-wrap elementor-element-populated\">\n\t\t\t\t\t\t<div class=\"elementor-element elementor-element-7355ab80 elementor-widget elementor-widget-text-editor\" data-id=\"7355ab80\" data-element_type=\"widget\" data-widget_type=\"text-editor.default\">\n\t\t\t\t<div class=\"elementor-widget-container\">\n\t\t\t\t\t\t\t\t\t<h4>Introducci\u00f3n<\/h4><p>La entidad ANTONI COMAPOSADA BERINGES se ha comprometido a hacer accesible su sitio web de conformidad con el Real Decreto 1112\/2018, de 7 de septiembre, sobre accesibilidad de los sitios web y aplicaciones para dispositivos m\u00f3viles del sector p\u00fablico.<\/p><p>Esta declaraci\u00f3n de accesibilidad se aplica al sitio web <a href=\"http:\/\/www.saladebiure.com\" target=\"_blank\" rel=\"noopener\">www.saladebiure.com<\/a>.<\/p><p>Situaci\u00f3n de cumplimiento<\/p><p>Este sitio web es parcialmente conforme al RD 1112\/2018 debido a las excepciones y la falta de conformidad de los aspectos que se indiquen a continuaci\u00f3n.<\/p><h4>Contenido no accesible<\/h4><p>El contenido que se recoge a continuaci\u00f3n no es accesible por lo siguiente:<\/p><p><strong>1. Carece de conformidad con el RD 1112\/2018:<\/strong><\/p><ul><li>Existen logotipos e im\u00e1genes con texto alternativo incorrecto o confuso e im\u00e1genes complejas sin descripci\u00f3n textual [requisito n\u00famero 9.1.1.1 Contenido no textual, de UNE-EN 301549:2022].<\/li><li>Existen listas creadas de forma incorrecta (sin etiqueta de lista), tablas con celdas etiquetadas incorrectamente y etiquetas invisibles en elementos de formularios [requisito n\u00famero 9.1.3.1 Informaci\u00f3n y relaciones, de UNE-EN 301549:2022].<\/li><li>Hay tablas no adaptadas a tama\u00f1os de pantalla peque\u00f1os y campos de formulario que no se visualizan correctamente en tama\u00f1os de pantalla peque\u00f1os [requisito n\u00famero 9.1.4.10 Reajuste de texto, de UNE-EN 301549:2022].<\/li><li>Hay texto que al cambiar los espacios y alturas de l\u00ednea no se visualiza correctamente [requisito n\u00famero 9.1.4.12 Espaciado de texto, de UNE-EN 301549:2022].<\/li><li>Hay elementos que no son accesibles por teclado, como enlaces a redes sociales, el editor de textos para comentarios, elementos para ordenar resultados de b\u00fasqueda, la paginaci\u00f3n de los resultados de b\u00fasqueda o las flechas de calendario [requisito n\u00famero 9.2.1.1 Teclado , de UNE-EN 301549:2022].<\/li><li>Hay elementos que no reciben el foco y por tanto no se puede interactuar mediante el teclado, por ejemplo [requisito n\u00famero 9.2.4.3 Orden del foco, de UNE-EN 301549:2022].<\/li><li>Hay enlaces en los que no se identifica correctamente su funci\u00f3n (tienen una descripci\u00f3n inadecuada, un texto demasiado gen\u00e9rico, un t\u00edtulo inadecuado\u2026).[requisito n\u00famero 9.2.4.4 Prop\u00f3sito de los enlaces, de UNE-EN 301549:2022].<\/li><li>Hay cabeceras con texto repetido y\/o poco descriptivo [requisito n\u00famero 9.2.4.6 Cabeceras y etiquetas, de UNE-EN 301549:2022].<\/li><li>Existen im\u00e1genes, infograf\u00edas, textos de enlaces o botones, texto de titulares y contenido que no est\u00e1n traducidos a otros idiomas [requisito n\u00famero 9.3.1.2 Idioma de las partes, de UNE-EN 301549:2022].<\/li><li>En alguna p\u00e1gina se est\u00e1 usando el mismo icono para diferentes prop\u00f3sitos, generando confusi\u00f3n [requisito n\u00famero 9.3.2.4 Identificaci\u00f3n coherente, de UNE-EN 301549:2022].<\/li><li>Existen mensajes de error poco descriptivos, o mensajes de error que no est\u00e1n agrupados en un \u00fanico mensaje as\u00ed como falta de sugerencias en formulario para cumplimentar los campos correctamente [requisito n\u00famero 9.3.3.1 Identificaci\u00f3n de errores, de UNE-EN 301549:2022].<\/li><li>Existen formularios con campos obligatorios donde no se informa al usuario, as\u00ed como campos donde falta un ejemplo textual del formato del campo.(como por ejemplo el DNI) [requisito n\u00famero 9.3.3.2 Etiquetas e instrucciones, de UNE-EN 301549:2022].<\/li><li>Hay campos de formularios en los que se informa del error cuando se introduce un valor incorrecto pero no se informa de una sugerencia para la correcci\u00f3n. [requisito n\u00famero 9.3.3.3 Sugerencias ante errores, de UNE-EN 301549:2022].<\/li><li>Hay p\u00e1ginas con errores de sintaxis y por tanto alg\u00fan producto de soporte puede no interpretar correctamente el contenido (ID&#8217;s de p\u00e1gina duplicados, etiquetas sin cerrar, construcci\u00f3n incorrecta de etiquetas\u2026). [requisito n\u00famero 9.4.1.1 Procesamiento, de UNE-EN 301549:2022].<\/li><li>Hay p\u00e1ginas donde los productos de soporte no podr\u00e1n obtener informaci\u00f3n, interactuar y estar al corriente del estado de los controles de interfaz de usuario, como mensajes de ayuda, mensajes de estado de resultado de acciones, atributos de enlaces , imagen de idioma de p\u00e1gina\u2026 que no podr\u00e1n ser le\u00eddos por lectores de pantalla en el momento en que aparecen [requisito n\u00famero 9.4.1.2 Nombre, funci\u00f3n, valor de UNE-EN 301549:2022].<\/li><li>Podr\u00eda haber errores puntuales de edici\u00f3n en alguna p\u00e1gina web.<\/li><\/ul><p><strong>2. Carga desproporcionada.<\/strong><\/p><ul><li>No se aplica.<\/li><\/ul><p><strong>3. El contenido no entra dentro del \u00e1mbito de la legislaci\u00f3n aplicable.<\/strong><\/p><ul><li>Podr\u00edan existir archivos ofim\u00e1ticos en PDF u otros formatos publicados antes del 20 de septiembre de 2018 que no cumplan \u00edntegramente todos los requisitos de accesibilidad. Aunque se ha procurado que la mayor\u00eda s\u00ed lo cumplan.<\/li><\/ul><h4>Preparaci\u00f3n de esta declaraci\u00f3n de accesibilidad<\/h4><p>Esta declaraci\u00f3n fue preparada en el 10\/11\/2025.<\/p><p>El m\u00e9todo empleado para preparar la declaraci\u00f3n ha sido una autoevaluaci\u00f3n llevada a cabo por la propia entidad.<\/p><p>\u00daltima revisi\u00f3n de la declaraci\u00f3n: 10\/11\/2025.<\/p><h4>Observaciones y datos de contacto<\/h4><p>Puede realizar comunicaciones sobre requisitos de accesibilidad (art\u00edculo 10.2.a) del RD 1112\/2018) como por ejemplo:<\/p><ul><li>Informar sobre cualquier posible incumplimiento por parte de este sitio web.<\/li><li>Transmitir otras dificultades de acceso al contenido.<\/li><li>Formular cualquier otra consulta o sugerencia de mejora relativa a la accesibilidad del sitio web.<\/li><\/ul><p><strong>A trav\u00e9s del formulario de contacto puede presentar:<\/strong><\/p><ul><li>Una queja relativa al cumplimiento de los requisitos del RD 1112\/2018.<br \/>Una solicitud de informaci\u00f3n accesible relativa a:<br \/><ul><li>Contenidos que est\u00e1n excluidos del \u00e1mbito de aplicaci\u00f3n del RD 1112\/2018 seg\u00fan lo que establece el art\u00edculo 3, apartado 4.<\/li><li>Contenidos que est\u00e1n exentos del cumplimiento de los requisitos de accesibilidad para imponer una carga desproporcionada.<\/li><\/ul><\/li><li>En la Solicitud de informaci\u00f3n accesible, deben concretarse, con toda claridad, los hechos, las razones y la petici\u00f3n que permitan constatar que se trata de una solicitud razonable y leg\u00edtima.<\/li><\/ul><h4>Contenido opcional<\/h4><p>Este sitio web aplica los requisitos de la Norma UNE-EN 301549:2022 considerando las excepciones del RD 1112\/2018.<\/p><p>La \u00faltima revisi\u00f3n de la accesibilidad se ha realizado en 10\/11\/2025.<\/p><p>El sitio web est\u00e1 optimizado para los navegadores Microsoft Internet Explorer 8.0 o versiones superiores y las \u00faltimas versiones vigentes de FireFox, Safari, Opera y Google Chrome.<\/p><p>El sitio web est\u00e1 dise\u00f1ado para su visualizaci\u00f3n Responsive, por lo que se visualiza de forma \u00f3ptima en los dispositivos tablet y m\u00f3viles. En estos dispositivos est\u00e1 optimizado para visualizarlo en las \u00faltimas versiones vigentes de Chrome for mobile Safari mobile, Opera Mini y navegador nativo de Android.<\/p>\t\t\t\t\t\t\t\t<\/div>\n\t\t\t\t<\/div>\n\t\t\t\t\t<\/div>\n\t\t<\/div>\n\t\t\t\t\t<\/div>\n\t\t<\/section>\n\t\t\t\t<\/div>\n\t\t","protected":false},"excerpt":{"rendered":"<p>Declaraci\u00f3n de accesibilidad Introducci\u00f3n La entidad ANTONI COMAPOSADA BERINGES se ha comprometido a hacer accesible su sitio web de conformidad con el Real Decreto 1112\/2018, de 7 de septiembre, sobre accesibilidad de los sitios web y aplicaciones para dispositivos m\u00f3viles &hellip; <a href=\"https:\/\/www.saladebiure.com\/es\/declaracion-de-accesibilidad\/\">Read More<\/a><\/p>\n","protected":false},"author":1,"featured_media":0,"parent":0,"menu_order":9,"comment_status":"closed","ping_status":"closed","template":"","meta":{"footnotes":""},"class_list":["post-1124","page","type-page","status-publish","hentry"],"yoast_head":"<!-- This site is optimized with the Yoast SEO plugin v27.2 - https:\/\/yoast.com\/product\/yoast-seo-wordpress\/ -->\n<title>Declaraci\u00f3n de accesibilidad - La Sala De Biure<\/title>\n<meta name=\"robots\" content=\"index, follow, max-snippet:-1, max-image-preview:large, max-video-preview:-1\" \/>\n<link rel=\"canonical\" href=\"https:\/\/www.saladebiure.com\/es\/declaracion-de-accesibilidad\/\" \/>\n<meta property=\"og:locale\" content=\"es_ES\" \/>\n<meta property=\"og:type\" content=\"article\" \/>\n<meta property=\"og:title\" content=\"Declaraci\u00f3n de accesibilidad - La Sala De Biure\" \/>\n<meta property=\"og:description\" content=\"Declaraci\u00f3n de accesibilidad Introducci\u00f3n La entidad ANTONI COMAPOSADA BERINGES se ha comprometido a hacer accesible su sitio web de conformidad con el Real Decreto 1112\/2018, de 7 de septiembre, sobre accesibilidad de los sitios web y aplicaciones para dispositivos m\u00f3viles &hellip; Read More\" \/>\n<meta property=\"og:url\" content=\"https:\/\/www.saladebiure.com\/es\/declaracion-de-accesibilidad\/\" \/>\n<meta property=\"og:site_name\" content=\"La Sala De Biure\" \/>\n<meta property=\"article:modified_time\" content=\"2025-11-11T09:41:57+00:00\" \/>\n<meta name=\"twitter:card\" content=\"summary_large_image\" \/>\n<meta name=\"twitter:label1\" content=\"Tiempo de lectura\" \/>\n\t<meta name=\"twitter:data1\" content=\"5 minutos\" \/>\n<script type=\"application\/ld+json\" class=\"yoast-schema-graph\">{\"@context\":\"https:\/\/schema.org\",\"@graph\":[{\"@type\":\"WebPage\",\"@id\":\"https:\/\/www.saladebiure.com\/es\/declaracion-de-accesibilidad\/\",\"url\":\"https:\/\/www.saladebiure.com\/es\/declaracion-de-accesibilidad\/\",\"name\":\"Declaraci\u00f3n de accesibilidad - La Sala De Biure\",\"isPartOf\":{\"@id\":\"https:\/\/www.saladebiure.com\/es\/#website\"},\"datePublished\":\"2025-09-22T10:50:18+00:00\",\"dateModified\":\"2025-11-11T09:41:57+00:00\",\"breadcrumb\":{\"@id\":\"https:\/\/www.saladebiure.com\/es\/declaracion-de-accesibilidad\/#breadcrumb\"},\"inLanguage\":\"es\",\"potentialAction\":[{\"@type\":\"ReadAction\",\"target\":[\"https:\/\/www.saladebiure.com\/es\/declaracion-de-accesibilidad\/\"]}]},{\"@type\":\"BreadcrumbList\",\"@id\":\"https:\/\/www.saladebiure.com\/es\/declaracion-de-accesibilidad\/#breadcrumb\",\"itemListElement\":[{\"@type\":\"ListItem\",\"position\":1,\"name\":\"Portada\",\"item\":\"https:\/\/www.saladebiure.com\/es\/inici\/\"},{\"@type\":\"ListItem\",\"position\":2,\"name\":\"Declaraci\u00f3n de accesibilidad\"}]},{\"@type\":\"WebSite\",\"@id\":\"https:\/\/www.saladebiure.com\/es\/#website\",\"url\":\"https:\/\/www.saladebiure.com\/es\/\",\"name\":\"La Sala De Biure\",\"description\":\"Casa rural a Sag\u00e0s\",\"publisher\":{\"@id\":\"https:\/\/www.saladebiure.com\/es\/#organization\"},\"potentialAction\":[{\"@type\":\"SearchAction\",\"target\":{\"@type\":\"EntryPoint\",\"urlTemplate\":\"https:\/\/www.saladebiure.com\/es\/?s={search_term_string}\"},\"query-input\":{\"@type\":\"PropertyValueSpecification\",\"valueRequired\":true,\"valueName\":\"search_term_string\"}}],\"inLanguage\":\"es\"},{\"@type\":\"Organization\",\"@id\":\"https:\/\/www.saladebiure.com\/es\/#organization\",\"name\":\"La Sala De Biure\",\"url\":\"https:\/\/www.saladebiure.com\/es\/\",\"logo\":{\"@type\":\"ImageObject\",\"inLanguage\":\"es\",\"@id\":\"https:\/\/www.saladebiure.com\/es\/#\/schema\/logo\/image\/\",\"url\":\"https:\/\/www.saladebiure.com\/wp-content\/uploads\/2025\/09\/cropped-img-icon-logo-saladebiure-2025.png\",\"contentUrl\":\"https:\/\/www.saladebiure.com\/wp-content\/uploads\/2025\/09\/cropped-img-icon-logo-saladebiure-2025.png\",\"width\":512,\"height\":512,\"caption\":\"La Sala De Biure\"},\"image\":{\"@id\":\"https:\/\/www.saladebiure.com\/es\/#\/schema\/logo\/image\/\"}}]}<\/script>\n<!-- \/ Yoast SEO plugin. -->","yoast_head_json":{"title":"Declaraci\u00f3n de accesibilidad - La Sala De Biure","robots":{"index":"index","follow":"follow","max-snippet":"max-snippet:-1","max-image-preview":"max-image-preview:large","max-video-preview":"max-video-preview:-1"},"canonical":"https:\/\/www.saladebiure.com\/es\/declaracion-de-accesibilidad\/","og_locale":"es_ES","og_type":"article","og_title":"Declaraci\u00f3n de accesibilidad - La Sala De Biure","og_description":"Declaraci\u00f3n de accesibilidad Introducci\u00f3n La entidad ANTONI COMAPOSADA BERINGES se ha comprometido a hacer accesible su sitio web de conformidad con el Real Decreto 1112\/2018, de 7 de septiembre, sobre accesibilidad de los sitios web y aplicaciones para dispositivos m\u00f3viles &hellip; Read More","og_url":"https:\/\/www.saladebiure.com\/es\/declaracion-de-accesibilidad\/","og_site_name":"La Sala De Biure","article_modified_time":"2025-11-11T09:41:57+00:00","twitter_card":"summary_large_image","twitter_misc":{"Tiempo de lectura":"5 minutos"},"schema":{"@context":"https:\/\/schema.org","@graph":[{"@type":"WebPage","@id":"https:\/\/www.saladebiure.com\/es\/declaracion-de-accesibilidad\/","url":"https:\/\/www.saladebiure.com\/es\/declaracion-de-accesibilidad\/","name":"Declaraci\u00f3n de accesibilidad - La Sala De Biure","isPartOf":{"@id":"https:\/\/www.saladebiure.com\/es\/#website"},"datePublished":"2025-09-22T10:50:18+00:00","dateModified":"2025-11-11T09:41:57+00:00","breadcrumb":{"@id":"https:\/\/www.saladebiure.com\/es\/declaracion-de-accesibilidad\/#breadcrumb"},"inLanguage":"es","potentialAction":[{"@type":"ReadAction","target":["https:\/\/www.saladebiure.com\/es\/declaracion-de-accesibilidad\/"]}]},{"@type":"BreadcrumbList","@id":"https:\/\/www.saladebiure.com\/es\/declaracion-de-accesibilidad\/#breadcrumb","itemListElement":[{"@type":"ListItem","position":1,"name":"Portada","item":"https:\/\/www.saladebiure.com\/es\/inici\/"},{"@type":"ListItem","position":2,"name":"Declaraci\u00f3n de accesibilidad"}]},{"@type":"WebSite","@id":"https:\/\/www.saladebiure.com\/es\/#website","url":"https:\/\/www.saladebiure.com\/es\/","name":"La Sala De Biure","description":"Casa rural a Sag\u00e0s","publisher":{"@id":"https:\/\/www.saladebiure.com\/es\/#organization"},"potentialAction":[{"@type":"SearchAction","target":{"@type":"EntryPoint","urlTemplate":"https:\/\/www.saladebiure.com\/es\/?s={search_term_string}"},"query-input":{"@type":"PropertyValueSpecification","valueRequired":true,"valueName":"search_term_string"}}],"inLanguage":"es"},{"@type":"Organization","@id":"https:\/\/www.saladebiure.com\/es\/#organization","name":"La Sala De Biure","url":"https:\/\/www.saladebiure.com\/es\/","logo":{"@type":"ImageObject","inLanguage":"es","@id":"https:\/\/www.saladebiure.com\/es\/#\/schema\/logo\/image\/","url":"https:\/\/www.saladebiure.com\/wp-content\/uploads\/2025\/09\/cropped-img-icon-logo-saladebiure-2025.png","contentUrl":"https:\/\/www.saladebiure.com\/wp-content\/uploads\/2025\/09\/cropped-img-icon-logo-saladebiure-2025.png","width":512,"height":512,"caption":"La Sala De Biure"},"image":{"@id":"https:\/\/www.saladebiure.com\/es\/#\/schema\/logo\/image\/"}}]}},"_links":{"self":[{"href":"https:\/\/www.saladebiure.com\/es\/wp-json\/wp\/v2\/pages\/1124","targetHints":{"allow":["GET"]}}],"collection":[{"href":"https:\/\/www.saladebiure.com\/es\/wp-json\/wp\/v2\/pages"}],"about":[{"href":"https:\/\/www.saladebiure.com\/es\/wp-json\/wp\/v2\/types\/page"}],"author":[{"embeddable":true,"href":"https:\/\/www.saladebiure.com\/es\/wp-json\/wp\/v2\/users\/1"}],"replies":[{"embeddable":true,"href":"https:\/\/www.saladebiure.com\/es\/wp-json\/wp\/v2\/comments?post=1124"}],"version-history":[{"count":4,"href":"https:\/\/www.saladebiure.com\/es\/wp-json\/wp\/v2\/pages\/1124\/revisions"}],"predecessor-version":[{"id":1128,"href":"https:\/\/www.saladebiure.com\/es\/wp-json\/wp\/v2\/pages\/1124\/revisions\/1128"}],"wp:attachment":[{"href":"https:\/\/www.saladebiure.com\/es\/wp-json\/wp\/v2\/media?parent=1124"}],"curies":[{"name":"wp","href":"https:\/\/api.w.org\/{rel}","templated":true}]}}